{"id":7,"date":"2016-09-08T13:11:02","date_gmt":"2016-09-08T12:11:02","guid":{"rendered":"http:\/\/www.dontworrycorp.fr\/?page_id=7"},"modified":"2019-05-27T16:05:04","modified_gmt":"2019-05-27T15:05:04","slug":"guide-dutilisation","status":"publish","type":"page","link":"https:\/\/www.dontworrycorp.fr\/?page_id=7","title":{"rendered":"Guide d&rsquo;utilisation"},"content":{"rendered":"<p>&nbsp;<\/p>\n<p><strong>La promesse<\/strong><\/p>\n<p>A la fin de cette page, vous saurez manipuler l&rsquo;application les yeux ferm\u00e9s et les doigts dans le nez (m\u00eame si pour d\u2019\u00e9videntes raisons d\u2019hygi\u00e8ne, ce n&rsquo;est pas conseill\u00e9)<\/p>\n<p><strong>L&rsquo;\u00e9cran\u00a0de relaxation<\/strong><\/p>\n<p>Vous venez de lancer l&rsquo;application en cliquant sur l&rsquo;icone <img loading=\"lazy\" decoding=\"async\" class=\"size-full wp-image-44 aligncenter\" src=\"http:\/\/www.dontworrycorp.fr\/wp-content\/uploads\/2016\/09\/ic_launcher.png\" alt=\"ic_launcher\" width=\"72\" height=\"72\" \/>et au bout de quelques secondes, cet \u00e9cran appara\u00eet<\/p>\n<p><img loading=\"lazy\" decoding=\"async\" class=\"size-medium wp-image-21 aligncenter\" src=\"http:\/\/www.dontworrycorp.fr\/wp-content\/uploads\/2016\/09\/ecran1-300x185.png\" alt=\"ecran1\" width=\"300\" height=\"185\" srcset=\"https:\/\/www.dontworrycorp.fr\/wp-content\/uploads\/2016\/09\/ecran1-300x185.png 300w, https:\/\/www.dontworrycorp.fr\/wp-content\/uploads\/2016\/09\/ecran1.png 513w\" sizes=\"auto, (max-width: 300px) 100vw, 300px\" \/><\/p>\n<p>Sa sobri\u00e9t\u00e9, sa colorim\u00e9trie, sa g\u00e9om\u00e9trie, tout a \u00e9tait pens\u00e9 par nos designers, chromatologues\u00a0et psychologues pour que d\u00e9j\u00e0 vous vous sentiez apais\u00e9 et d\u00e9tendu.<\/p>\n<p>Toucher l\u2019\u00e9cran d\u00e9s que votre pouls sera pass\u00e9\u00a0\u00a0sous les 30 pulsations par minutes ou au dessus des 180.<\/p>\n<p><b>L\u2019\u00e9cran<\/b><strong>\u00a0d&rsquo;action<\/strong><\/p>\n<p>\u00ab\u00a0Toute relaxation r\u00e9ussi\u00a0m\u00e8ne \u00e0\u00a0une action r\u00e9fl\u00e9chi\u00a0\u00bb.<\/p>\n<p>M\u00eame si cette phrase ne veux rien dire, vous voici face \u00e0 l\u2019\u00e9cran principal.<\/p>\n<p><img loading=\"lazy\" decoding=\"async\" class=\"size-medium wp-image-78 aligncenter\" src=\"http:\/\/www.dontworrycorp.fr\/wp-content\/uploads\/2016\/09\/ecran2-2-300x187.png\" alt=\"ecran2\" width=\"300\" height=\"187\" srcset=\"https:\/\/www.dontworrycorp.fr\/wp-content\/uploads\/2016\/09\/ecran2-2-300x187.png 300w, https:\/\/www.dontworrycorp.fr\/wp-content\/uploads\/2016\/09\/ecran2-2-768x478.png 768w, https:\/\/www.dontworrycorp.fr\/wp-content\/uploads\/2016\/09\/ecran2-2.png 1018w\" sizes=\"auto, (max-width: 300px) 100vw, 300px\" \/><\/p>\n<p>Voyez vous le point d&rsquo;interrogation en haut \u00e0 gauche ? Si non, vous \u00eates probablement affect\u00e9 d&rsquo;un trouble de la lat\u00e9ralisation et\/ou d&rsquo;un trouble oculaire !<\/p>\n<p><img loading=\"lazy\" decoding=\"async\" class=\"size-full wp-image-23 aligncenter\" src=\"http:\/\/www.dontworrycorp.fr\/wp-content\/uploads\/2016\/09\/ecran21.png\" alt=\"ecran21\" width=\"49\" height=\"32\" \/><\/p>\n<p>Dans tous les cas, touchez ce point pour activer le mode \u00ab\u00a0aide\u00a0\u00bb et voir appara\u00eetre un liseret rouge. Dans ce mode, il suffit de toucher un \u00e9l\u00e9ment de l\u2019\u00e9cran pour avoir un descriptif de l&rsquo;action qu&rsquo;il d\u00e9clenche, rendant la poursuite de ce guide inutile !<\/p>\n<p>Ceux qui souhaite malgr\u00e9 tout des informations plus d\u00e9taill\u00e9es, peuvent\u00a0continuer.<\/p>\n<p>Touchez \u00e0 nouveau le point d&rsquo;interrogation pour sortir du mode \u00ab\u00a0aide\u00a0\u00bb, le liseret\u00a0bleu r\u00e9appara\u00eet, tout le monde est soulag\u00e9.<\/p>\n<p>Les boutons de la barre d&rsquo;outil du bas permettent:<\/p>\n<ul>\n<li><img loading=\"lazy\" decoding=\"async\" class=\"alignnone wp-image-31\" src=\"http:\/\/www.dontworrycorp.fr\/wp-content\/uploads\/2016\/09\/next.png\" alt=\"next\" width=\"56\" height=\"26\" \/>\u00a0\u00a0de passer d&rsquo;une zone \u00e0 une autre (lorsque plus d&rsquo;une zone est d\u00e9fini)<\/li>\n<\/ul>\n<ul>\n<li style=\"text-align: left;\"><img loading=\"lazy\" decoding=\"async\" class=\"alignnone wp-image-30\" src=\"http:\/\/www.dontworrycorp.fr\/wp-content\/uploads\/2016\/09\/edit.png\" alt=\"edit\" width=\"29\" height=\"28\" \/>\u00a0\u00a0\u00e9diter une zone<\/li>\n<\/ul>\n<ul>\n<li style=\"text-align: left;\"><img loading=\"lazy\" decoding=\"async\" class=\"alignnone wp-image-26\" src=\"http:\/\/www.dontworrycorp.fr\/wp-content\/uploads\/2016\/09\/ecran23.png\" alt=\"ecran23\" width=\"32\" height=\"33\" \/>\u00a0\u00a0ajouter une zone<\/li>\n<\/ul>\n<ul>\n<li style=\"text-align: left;\"><img loading=\"lazy\" decoding=\"async\" class=\"alignnone wp-image-32\" src=\"http:\/\/www.dontworrycorp.fr\/wp-content\/uploads\/2016\/09\/del.png\" alt=\"del\" width=\"32\" height=\"30\" \/>\u00a0\u00a0effacer une zone<\/li>\n<\/ul>\n<ul>\n<li style=\"text-align: left;\"><img loading=\"lazy\" decoding=\"async\" class=\"alignnone wp-image-33\" src=\"http:\/\/www.dontworrycorp.fr\/wp-content\/uploads\/2016\/09\/exit.png\" alt=\"exit\" width=\"32\" height=\"29\" \/>\u00a0\u00a0sortir de l&rsquo;application, mais pour quoi faire, qui y aurait&rsquo;il de mieux \u00e0 l\u2019ext\u00e9rieur ?<\/li>\n<\/ul>\n<p><strong>Ajouter une zone ou modifier une zone<\/strong><\/p>\n<p>touchez le bouton\u00a0<img loading=\"lazy\" decoding=\"async\" class=\"alignnone wp-image-26\" src=\"http:\/\/www.dontworrycorp.fr\/wp-content\/uploads\/2016\/09\/ecran23.png\" alt=\"ecran23\" width=\"54\" height=\"56\" \/><\/p>\n<p>Voil\u00e0 ! Vous avez ajout\u00e9 une zone et \u00eates pass\u00e9 en mode \u00ab\u00a0\u00e9dition\u00a0\u00bb comme le prouve la barre du haut et la couleur jaune du liseret<\/p>\n<p>Si une ou plusieurs zone existent d\u00e9j\u00e0, vous pouvez modifier une zone en touchant le bouton\u00a0<img loading=\"lazy\" decoding=\"async\" class=\"alignnone wp-image-30\" src=\"http:\/\/www.dontworrycorp.fr\/wp-content\/uploads\/2016\/09\/edit.png\" alt=\"edit\" width=\"52\" height=\"51\" \/>,\u00a0le r\u00e9sultat est le m\u00eame, vous arrivez sur cet \u00e9cran :<\/p>\n<p><img loading=\"lazy\" decoding=\"async\" class=\"alignnone size-medium wp-image-79 aligncenter\" src=\"http:\/\/www.dontworrycorp.fr\/wp-content\/uploads\/2016\/09\/ecran3-1-300x187.png\" alt=\"ecran3\" width=\"300\" height=\"187\" srcset=\"https:\/\/www.dontworrycorp.fr\/wp-content\/uploads\/2016\/09\/ecran3-1-300x187.png 300w, https:\/\/www.dontworrycorp.fr\/wp-content\/uploads\/2016\/09\/ecran3-1.png 511w\" sizes=\"auto, (max-width: 300px) 100vw, 300px\" \/><\/p>\n<p>Les deux boutons du bas permettent<\/p>\n<ul>\n<li><img loading=\"lazy\" decoding=\"async\" class=\"alignnone wp-image-34\" src=\"http:\/\/www.dontworrycorp.fr\/wp-content\/uploads\/2016\/09\/validate.png\" alt=\"validate\" width=\"46\" height=\"43\" \/> \u00a0 de valider les modifications<\/li>\n<\/ul>\n<ul>\n<li><img loading=\"lazy\" decoding=\"async\" class=\"alignnone wp-image-35\" src=\"http:\/\/www.dontworrycorp.fr\/wp-content\/uploads\/2016\/09\/cancel.png\" alt=\"cancel\" width=\"45\" height=\"45\" \/>\u00a0\u00a0de revenir \u00e0 l\u2019\u00e9cran principale sans valider<\/li>\n<\/ul>\n<p>Validez les modifications, mais lesquelles ? Celle que vous allez r\u00e9aliser en touchant un des champs pr\u00e9sent \u00e0 l\u2019\u00e9cran.<\/p>\n<ol>\n<li>toucher le cadre du champ <strong>Nom<\/strong> permet de d\u00e9finir le nom de la zone<img loading=\"lazy\" decoding=\"async\" class=\"alignnone size-medium wp-image-29 aligncenter\" src=\"http:\/\/www.dontworrycorp.fr\/wp-content\/uploads\/2016\/09\/ecran31-300x70.png\" alt=\"ecran31\" width=\"300\" height=\"70\" srcset=\"https:\/\/www.dontworrycorp.fr\/wp-content\/uploads\/2016\/09\/ecran31-300x70.png 300w, https:\/\/www.dontworrycorp.fr\/wp-content\/uploads\/2016\/09\/ecran31.png 511w\" sizes=\"auto, (max-width: 300px) 100vw, 300px\" \/>valider la saisie en touchant le bouton <strong>OK<\/strong><\/li>\n<li>Toucher le cadre du champ <strong>Activ\u00e9<\/strong>, permet de modifier le contenu du champ. <strong>Oui<\/strong> pour indiquer que la d\u00e9tection pour cette zone sera activer (lorsque ces crit\u00e8res seront v\u00e9rifi\u00e9s, voir plus bas), ou <strong>Non\u00a0<\/strong>pour&#8230;(nous vous laissons deviner).<\/li>\n<li>Toucher le cadre du champ <strong>Contact<\/strong> pour passer\u00a0\u00e0 la s\u00e9lection des contacts qui recevront les SMS (voir plus bas)<\/li>\n<li>Toucher le cadre du champ <strong>Lieu<\/strong> pour d\u00e9finir la position\u00a0g\u00e9ographique de la zone (voir plus bas, ou plus haut si vous vous d\u00e9tendez en faisant le poirier sur votre chaise). Par defaut vous constatez que ce champ contient la valeur \u00ab\u00a0Aucun, la position sera envoy\u00e9e toutes les 15 minutes\u00a0\u00bb, qui ne merite pas plus d&rsquo;explication.<\/li>\n<\/ol>\n<p><b>S\u00e9lectionner<\/b><strong>\u00a0les contacts<\/strong><\/p>\n<p>En touchant le champ contacts, vous voil\u00e0\u00a0face\u00a0\u00e0 l\u2019\u00e9cran suivant:<\/p>\n<p><img loading=\"lazy\" decoding=\"async\" class=\"alignnone size-medium wp-image-71 aligncenter\" src=\"http:\/\/www.dontworrycorp.fr\/wp-content\/uploads\/2016\/09\/contact-1-300x180.png\" alt=\"contact\" width=\"300\" height=\"180\" srcset=\"https:\/\/www.dontworrycorp.fr\/wp-content\/uploads\/2016\/09\/contact-1-300x180.png 300w, https:\/\/www.dontworrycorp.fr\/wp-content\/uploads\/2016\/09\/contact-1.png 400w\" sizes=\"auto, (max-width: 300px) 100vw, 300px\" \/><\/p>\n<p>Liste de gauche, vos contacts issus de votre r\u00e9pertoire (non flout\u00e9s sur la v\u00e9ritable application).\u00a0A droite, la liste des contacts qui recevront les SMS lors de la d\u00e9tection dans cette zone.<\/p>\n<p>Pour faire passer un contact de gauche \u00e0 droite, toucher le contact.<\/p>\n<p><img loading=\"lazy\" decoding=\"async\" class=\"alignnone size-medium wp-image-72 aligncenter\" src=\"http:\/\/www.dontworrycorp.fr\/wp-content\/uploads\/2016\/09\/contact_moins-1-300x180.png\" alt=\"contact_moins\" width=\"300\" height=\"180\" srcset=\"https:\/\/www.dontworrycorp.fr\/wp-content\/uploads\/2016\/09\/contact_moins-1-300x180.png 300w, https:\/\/www.dontworrycorp.fr\/wp-content\/uploads\/2016\/09\/contact_moins-1.png 400w\" sizes=\"auto, (max-width: 300px) 100vw, 300px\" \/><br \/>\nPour supprimer un contact, touchez le (liste de gauche ou de droite, qu&rsquo;importe).<\/p>\n<p>Les ic\u00f4nes \u00a0<img loading=\"lazy\" decoding=\"async\" class=\"alignnone wp-image-39\" src=\"http:\/\/www.dontworrycorp.fr\/wp-content\/uploads\/2016\/09\/plus.png\" alt=\"plus\" width=\"34\" height=\"30\" \/>\u00a0et \u00a0<img loading=\"lazy\" decoding=\"async\" class=\"alignnone wp-image-42\" src=\"http:\/\/www.dontworrycorp.fr\/wp-content\/uploads\/2016\/09\/moins.png\" alt=\"moins\" width=\"33\" height=\"31\" \/>\u00a0 vous indiquent l&rsquo;action qui sera r\u00e9alis\u00e9e si on touche ce contact (c&rsquo;est \u00e9vident mais des personnes tr\u00e8s haut plac\u00e9s nous ont demander de le pr\u00e9ciser)<\/p>\n<p>Pour afficher la page des contacts suivant utiliser les boutons <img loading=\"lazy\" decoding=\"async\" class=\"alignnone wp-image-74\" src=\"http:\/\/www.dontworrycorp.fr\/wp-content\/uploads\/2016\/09\/next-1.png\" alt=\"next\" width=\"76\" height=\"35\" \/>\u00a0\u00e0 bon escient\u00a0.<\/p>\n<p>Pour valider, vous savez ce qu&rsquo;il vous reste \u00e0 faire.<\/p>\n<p>Vous revoici sur l\u2019\u00e9cran pr\u00e9c\u00e9dent, toujours en mode \u00ab\u00a0\u00e9dition\u00a0\u00bb, mais avec votre champ <strong>Contact<\/strong> rempli (tant d&rsquo;efforts pour une si maigre r\u00e9compense! Ne vous mettez pas \u00e0 pleurer, ou s\u00e9chez vos larmes et continuez).<\/p>\n<p><img loading=\"lazy\" decoding=\"async\" class=\"size-medium wp-image-80 aligncenter\" src=\"http:\/\/www.dontworrycorp.fr\/wp-content\/uploads\/2016\/09\/ecran3-2-300x187.png\" alt=\"ecran3\" width=\"300\" height=\"187\" srcset=\"https:\/\/www.dontworrycorp.fr\/wp-content\/uploads\/2016\/09\/ecran3-2-300x187.png 300w, https:\/\/www.dontworrycorp.fr\/wp-content\/uploads\/2016\/09\/ecran3-2.png 511w\" sizes=\"auto, (max-width: 300px) 100vw, 300px\" \/><\/p>\n<p>&nbsp;<\/p>\n<p><b>S\u00e9lectionner<\/b><strong>\u00a0le lieux<\/strong><\/p>\n<p>Avertissement: si ce qui pr\u00e9c\u00e8de vous \u00e0 assomm\u00e9, ce qui suis risque de vous achevez, vous avez donc 3 p&rsquo;tits points pour vous d\u00e9cidez &#8230;<\/p>\n<p>Bravo ! Vous en avez dans l&rsquo;calbut. \u00a0Si vous touchez le champ Lieux, vous vous retrouvez avec \u00e7a sous les yeux:<\/p>\n<p><img loading=\"lazy\" decoding=\"async\" class=\"size-medium wp-image-48 aligncenter\" src=\"http:\/\/www.dontworrycorp.fr\/wp-content\/uploads\/2016\/09\/dont_worry_location-300x180.jpg\" alt=\"dont_worry_location\" width=\"300\" height=\"180\" srcset=\"https:\/\/www.dontworrycorp.fr\/wp-content\/uploads\/2016\/09\/dont_worry_location-300x180.jpg 300w, https:\/\/www.dontworrycorp.fr\/wp-content\/uploads\/2016\/09\/dont_worry_location-768x461.jpg 768w, https:\/\/www.dontworrycorp.fr\/wp-content\/uploads\/2016\/09\/dont_worry_location.jpg 800w\" sizes=\"auto, (max-width: 300px) 100vw, 300px\" \/><\/p>\n<p>Formidable encore des boutons! Cachez votre joie et faisons rapidement le tour de cet \u00e9cran.<\/p>\n<p>Au centre vous aurez reconnu la carte Google Maps.<\/p>\n<p>Vous pouvez glisser d\u00e9licatement vos doigts graciles (ou gras si vous venez de manger des frites) sur la carte pour la d\u00e9placer.<\/p>\n<p>Pour \u00ab\u00a0zoomer\u00a0\u00bb dans la carte le bouton \u00a0<img loading=\"lazy\" decoding=\"async\" class=\"alignnone wp-image-50\" src=\"http:\/\/www.dontworrycorp.fr\/wp-content\/uploads\/2016\/09\/zoomplus.png\" alt=\"zoomplus\" width=\"35\" height=\"34\" \/>\u00a0\u00a0est tout \u00e0 fait appropri\u00e9, de m\u00eame que le <img loading=\"lazy\" decoding=\"async\" class=\"alignnone wp-image-49\" src=\"http:\/\/www.dontworrycorp.fr\/wp-content\/uploads\/2016\/09\/zoommoins.png\" alt=\"zoommoins\" width=\"37\" height=\"35\" \/>\u00a0sera id\u00e9al pour effectuer l&rsquo;action oppos\u00e9e.<\/p>\n<p>Vous avez remarqu\u00e9 ce triangle\u00a0sur la carte? Non bien sur, car il s&rsquo;agit d&rsquo;un cercle (pardonnez nous cette taquinerie bien anodine) il d\u00e9fini la taille de la zone de d\u00e9tection, et vous pouvez agrandir ou diminuer sa circonf\u00e9rence gr\u00e2ce au bouton \u00a0<img loading=\"lazy\" decoding=\"async\" class=\"alignnone wp-image-51\" src=\"http:\/\/www.dontworrycorp.fr\/wp-content\/uploads\/2016\/09\/cerclemoins.png\" alt=\"cerclemoins\" width=\"37\" height=\"37\" \/> et\u00a0<img loading=\"lazy\" decoding=\"async\" class=\"alignnone wp-image-52\" src=\"http:\/\/www.dontworrycorp.fr\/wp-content\/uploads\/2016\/09\/cercleplus.png\" alt=\"cercleplus\" width=\"36\" height=\"36\" \/><\/p>\n<p>Les boutons\u00a0<img loading=\"lazy\" decoding=\"async\" class=\"alignnone size-full wp-image-53\" src=\"http:\/\/www.dontworrycorp.fr\/wp-content\/uploads\/2016\/09\/pan.png\" alt=\"pan\" width=\"101\" height=\"27\" \/>\u00a0sont l\u00e0 pour s\u00e9lectionner une carte de type \u00ab\u00a0plan\u00a0\u00bb ou de type \u00ab\u00a0satellite\u00a0\u00bb.<\/p>\n<p>Enfin, pour \u00e9viter \u00e0 vos doigts de parcourir des kilom\u00e8tres \u00e0 la recherche d&rsquo;un lieux, utilisez le bouton\u00a0<img loading=\"lazy\" decoding=\"async\" class=\"alignnone wp-image-54\" src=\"http:\/\/www.dontworrycorp.fr\/wp-content\/uploads\/2016\/09\/find.png\" alt=\"find\" width=\"166\" height=\"26\" \/>\u00a0.\u00a0La zone de saisie bien connu apparais, laissant libre cours \u00e0 votre imagination pour d\u00e9crire cet\u00a0endroit inaccessible\u00a0(\u00e9viter cependant les digressions et allez\u00a0\u00e0 l&rsquo;essentiel: adresse, ville, pays).<\/p>\n<p>Valider et\u00a0retour sur l\u2019\u00e9cran\u00a0d\u2019\u00e9dition<img loading=\"lazy\" decoding=\"async\" class=\"size-medium wp-image-82 aligncenter\" src=\"http:\/\/www.dontworrycorp.fr\/wp-content\/uploads\/2016\/09\/lieux-2-300x188.png\" alt=\"lieux\" width=\"300\" height=\"188\" srcset=\"https:\/\/www.dontworrycorp.fr\/wp-content\/uploads\/2016\/09\/lieux-2-300x188.png 300w, https:\/\/www.dontworrycorp.fr\/wp-content\/uploads\/2016\/09\/lieux-2.png 523w\" sizes=\"auto, (max-width: 300px) 100vw, 300px\" \/><br \/>\nLe champ <strong>Lieu<\/strong> est maintenant remplis!<\/p>\n<p>Quoi, quel bouton\u00a0<img loading=\"lazy\" decoding=\"async\" class=\"alignnone wp-image-83\" src=\"http:\/\/www.dontworrycorp.fr\/wp-content\/uploads\/2016\/09\/delete_lieux.png\" alt=\"delete_lieux\" width=\"36\" height=\"36\" \/>\u00a0? Et bien touchez\u00a0le plut\u00f4t que de poser la question ! F\u00e9licitation,\u00a0vous avez bien compris qu&rsquo;il supprime le lieu et active le suivi automatique toutes les 15 minutes.<\/p>\n<p>Mais, il se fait tard, vos enfants r\u00e9clament qu&rsquo;on s&rsquo;occupe d&rsquo;eux, votre chien hurle \u00e0 la mort et votre poisson rouge ne dit rien mais n&rsquo;en pense pas moins ! Faite abstraction de tous \u00e7a est continuons sur la voie de la connaissance.<\/p>\n<p>Vous pourriez vous contenter de valider \u00e0 nouveau afin de sauver la zone cr\u00e9\u00e9e (ou modifi\u00e9e), mais cette fl\u00e8che sur la droite vous turlupine, que fait-elle? ou m\u00e8ne t&rsquo;elle ? vers quel ailleurs ?<\/p>\n<p>Alors, touch\u00e9 l\u00e0 !<\/p>\n<p>Vous l&rsquo;avez touch\u00e9 ? \u00e7a y est ? Cela signifie que (vous \u00eates sous notre contr\u00f4le et, accessoirement que) le second \u00e9cran des champs est apparu.<img loading=\"lazy\" decoding=\"async\" class=\"size-medium wp-image-56 aligncenter\" src=\"http:\/\/www.dontworrycorp.fr\/wp-content\/uploads\/2016\/09\/edit2-300x180.png\" alt=\"edit2\" width=\"300\" height=\"180\" srcset=\"https:\/\/www.dontworrycorp.fr\/wp-content\/uploads\/2016\/09\/edit2-300x180.png 300w, https:\/\/www.dontworrycorp.fr\/wp-content\/uploads\/2016\/09\/edit2.png 400w\" sizes=\"auto, (max-width: 300px) 100vw, 300px\" \/><\/p>\n<p>Tr\u00e8s peu de chose, alors faisons vite, car nous avons nous aussi une vie de famille (consid\u00e9rer ou pas\u00a0qu&rsquo;un hamster et un cochon d&rsquo;inde constitue une famille et une question qui n&rsquo;a pas sa place ici).<\/p>\n<p><b>S\u00e9lectionner<\/b><strong>\u00a0les heures<\/strong><\/p>\n<p>Le champ heure permet de s\u00e9lectionner l&rsquo;heure de d\u00e9but et de fin de d\u00e9tection. Ces\u00a0valeurs sont tr\u00e8s importantes car elles influent sur la charge\u00a0de votre t\u00e9l\u00e9phone, le GPS \u00e9tant tr\u00e8s consommateur d\u2019\u00e9lectrons libres. Un intervalle de 2\u00a0heures devrait permettre de couvrir la majorit\u00e9 des cas (nombre choisi au hasard sans aucune \u00e9tude pr\u00e9alable).<\/p>\n<p>Le choix de l&rsquo;heure s&rsquo;effectue sur cet \u00e9cran:<img loading=\"lazy\" decoding=\"async\" class=\"size-medium wp-image-57 aligncenter\" src=\"http:\/\/www.dontworrycorp.fr\/wp-content\/uploads\/2016\/09\/heure-300x180.png\" alt=\"heure\" width=\"300\" height=\"180\" srcset=\"https:\/\/www.dontworrycorp.fr\/wp-content\/uploads\/2016\/09\/heure-300x180.png 300w, https:\/\/www.dontworrycorp.fr\/wp-content\/uploads\/2016\/09\/heure.png 400w\" sizes=\"auto, (max-width: 300px) 100vw, 300px\" \/><\/p>\n<p>Toucher simplement et sans ostentation une pastille \u00ab\u00a0heure\u00a0\u00bb et une pastille \u00ab\u00a0minutes\u00a0\u00bb.<\/p>\n<p><b>S\u00e9lectionner<\/b><strong>\u00a0les jours<\/strong><\/p>\n<p>Toucher les jours o\u00f9 la d\u00e9tection\u00a0doit avoir lieu pour activer (souligner) ou d\u00e9sactiver ces jours,<\/p>\n<p>Dans cet exemple:\u00a0<img loading=\"lazy\" decoding=\"async\" class=\"alignnone wp-image-58\" src=\"http:\/\/www.dontworrycorp.fr\/wp-content\/uploads\/2016\/09\/jour.png\" alt=\"jour\" width=\"84\" height=\"35\" \/>, le lundi est activ\u00e9 mais pas le mardi<\/p>\n<p>Et voici enfin la derni\u00e8re option:<\/p>\n<p><strong>L&rsquo;option SMS<\/strong><\/p>\n<p>Ce champ prend la valeur <strong>Oui<\/strong> ou <strong>Non\u00a0<\/strong>lorsqu&rsquo;on le touche, mais \u00e0 quoi bon ? En fait cela permet d&rsquo;autoriser ou pas, les contacts s\u00e9lectionn\u00e9s (il y a tr\u00e8s longtemps maintenant) \u00e0 envoyer un SMS contenant l&rsquo;acronyme GPS. En retour, le contact recevra votre position accompagn\u00e9e d&rsquo;une bouteille de champagne (note non contractuelle rajout\u00e9e par notre service commercial).<\/p>\n<p>Valid\u00e9 et c&rsquo;est TERMINE!<\/p>\n<p><strong>Au final<\/strong><\/p>\n<p>Vous avez d\u00e9fini une ou plusieurs zones, vous \u00eates sorti l&rsquo;application et avez retrouv\u00e9 cette bonne vielle terre.<\/p>\n<p>A partir de maintenant l&rsquo;application fonctionne de mani\u00e8re cach\u00e9e. Scrutant sans rel\u00e2che l&rsquo;activit\u00e9 d&rsquo;une zone, utilisant\u00a0seulement lorsque\u00a0n\u00e9cessaire le GPS et envoyant des SMS lors de l&rsquo;entr\u00e9e et de la sortie d&rsquo;une zone.<\/p>\n<p style=\"text-align: left;\">Gardez toujours \u00e0 l&rsquo;esprit qu&rsquo;une sortie de zone ne sera signal\u00e9e que si elle succ\u00e8de \u00e0 une entr\u00e9e. Qu&rsquo;un SMS sera envoy\u00e9 pour signaler une non d\u00e9tection dans une zone, si aucune entr\u00e9e n&rsquo;a eu lieu pendant la p\u00e9riode d&rsquo;activation (d\u00e9fini par la p\u00e9riode horaire et les jours). Qu&rsquo;un SMS signalera une charge trop faible pour continuer la d\u00e9tection (moins de 5% de charge). Qu&rsquo;il faut que le GPS soit actif pour que l&rsquo;application fonctionne (une notification rappellera de l&rsquo;activer si ce n&rsquo;est pas le cas). Que ce dernier point\u00a0marque la fin de ce guide.<\/p>\n","protected":false},"excerpt":{"rendered":"<p>&nbsp; La promesse A la fin de cette page, vous saurez manipuler l&rsquo;application les yeux ferm\u00e9s et les doigts dans le nez (m\u00eame si pour d\u2019\u00e9videntes raisons d\u2019hygi\u00e8ne, ce n&rsquo;est pas conseill\u00e9) L&rsquo;\u00e9cran\u00a0de relaxation Vous venez de lancer l&rsquo;application en cliquant sur l&rsquo;icone et au bout de quelques secondes, cet \u00e9cran appara\u00eet Sa sobri\u00e9t\u00e9, sa &hellip; <a href=\"https:\/\/www.dontworrycorp.fr\/?page_id=7\" class=\"more-link\">Continuer la lecture de <span class=\"screen-reader-text\">Guide d&rsquo;utilisation<\/span>  <span class=\"meta-nav\">&rarr;<\/span><\/a><\/p>\n","protected":false},"author":1,"featured_media":0,"parent":5,"menu_order":0,"comment_status":"closed","ping_status":"closed","template":"","meta":{"footnotes":""},"class_list":["post-7","page","type-page","status-publish","hentry"],"_links":{"self":[{"href":"https:\/\/www.dontworrycorp.fr\/index.php?rest_route=\/wp\/v2\/pages\/7","targetHints":{"allow":["GET"]}}],"collection":[{"href":"https:\/\/www.dontworrycorp.fr\/index.php?rest_route=\/wp\/v2\/pages"}],"about":[{"href":"https:\/\/www.dontworrycorp.fr\/index.php?rest_route=\/wp\/v2\/types\/page"}],"author":[{"embeddable":true,"href":"https:\/\/www.dontworrycorp.fr\/index.php?rest_route=\/wp\/v2\/users\/1"}],"replies":[{"embeddable":true,"href":"https:\/\/www.dontworrycorp.fr\/index.php?rest_route=%2Fwp%2Fv2%2Fcomments&post=7"}],"version-history":[{"count":18,"href":"https:\/\/www.dontworrycorp.fr\/index.php?rest_route=\/wp\/v2\/pages\/7\/revisions"}],"predecessor-version":[{"id":100,"href":"https:\/\/www.dontworrycorp.fr\/index.php?rest_route=\/wp\/v2\/pages\/7\/revisions\/100"}],"up":[{"embeddable":true,"href":"https:\/\/www.dontworrycorp.fr\/index.php?rest_route=\/wp\/v2\/pages\/5"}],"wp:attachment":[{"href":"https:\/\/www.dontworrycorp.fr\/index.php?rest_route=%2Fwp%2Fv2%2Fmedia&parent=7"}],"curies":[{"name":"wp","href":"https:\/\/api.w.org\/{rel}","templated":true}]}}